{"id":2556,"date":"2025-02-24T22:34:25","date_gmt":"2025-02-24T21:34:25","guid":{"rendered":"https:\/\/www.vineaventis.it\/?post_type=product&#038;p=2556"},"modified":"2025-11-25T08:41:04","modified_gmt":"2025-11-25T07:41:04","slug":"rose-sobek-franciacorta","status":"publish","type":"product","link":"https:\/\/www.vineaventis.it\/en\/vini\/rose-sobek-franciacorta\/","title":{"rendered":"Sobek Franciacorta Ros\u00e9"},"content":{"rendered":"","protected":false},"excerpt":{"rendered":"<div class=\"wpb_text_column wpb_content_element\">\n<div class=\"wpb_wrapper\">\n<p>The\u00a0<strong>Franciacorta Ros\u00e9<\/strong>\u00a0It represents a true symbol of the Lombard winemaking tradition, particularly in the region of the same name located in the province of Brescia.<br \/>\nIt is a ros\u00e9 sparkling wine.<br \/>\nThe grapes are hand-picked and only the best bunches are selected, however the underlying philosophy is modern, based on the constraints of consumption and human interference with nature.<\/p>\n<p>Franciacorta Ros\u00e9 uses grape varieties\u00a0<strong>Pinot Noir<\/strong>\u00a0in purity. In some cases, Pinot Noir bases are added to Pinot Noir and\u00a0<strong>Chardonnays<\/strong>, albeit to a lesser extent. After the harvest, the grapes are softly pressed and then pressed to obtain the must.<\/p>\n<p>Only indigenous yeasts are used in the preparation to guarantee the authenticity of the final result. It is during this phase that fermentation occurs and carbon dioxide is produced, a process known as foaming.<\/p>\n<p>The extraction takes place in the bottle and, as previously mentioned, its duration varies depending on the type of ros\u00e9: it ranges from 24 months for the non-vintage to at least 60 months for the Riserva.<\/p>\n<p>The production of Franciacorta Ros\u00e8 ends with the removal of the cap and the addition of a mixture of sugar and base wine. In this way the quantity of sparkling wine is determined.<\/p>\n<p>The name Franciacorta Ros\u00e9 highlights an important quality of this sparkling wine, its ros\u00e9 colour, more or less depending on the type. If you add a base of Pinot Noir or Chardonnay, the color will be lighter. In any case the foam is delicate and elegant. The nose is complex but balanced, dominated by floral and red fruit aromas such as blackcurrant and blueberry.<br \/>\n<strong>On the palate it is fresh and lively with a long and harmonious finish.<br \/>\n<\/strong><br \/>\nDelicate and intense, Franciacorta Ros\u00e9 is excellent with fish-based first courses such as seafood pasta and seafood risotto. It also pairs perfectly with soups and fried fish, grilled meats, sushi and Japanese dishes in general.<br \/>\nThe same goes for fresh or mature cheeses and light appetizers. Franciacorta Ros\u00e9 is also a good choice with fruit or creamy desserts. Some people like this wine with lamb and mushroom risotto.<\/p>\n<\/div>\n<\/div>","protected":false},"featured_media":2557,"template":"","meta":[],"product_brand":[],"product_cat":[29],"product_tag":[],"class_list":{"0":"post-2556","1":"product","2":"type-product","3":"status-publish","4":"has-post-thumbnail","6":"product_cat-vini","8":"first","9":"instock","10":"taxable","11":"shipping-taxable","12":"purchasable","13":"product-type-variable"},"exclude_global_add_ons":[],"addons":[],"yoast_head":"<!-- This site is optimized with the Yoast SEO plugin v25.2 - https:\/\/yoast.com\/wordpress\/plugins\/seo\/ -->\n<title>Sobek Franciacorta Ros\u00e9 | Vinea Ventis<\/title>\n<meta name=\"robots\" content=\"index, follow, max-snippet:-1, max-image-preview:large, max-video-preview:-1\" \/>\n<link rel=\"canonical\" href=\"https:\/\/www.vineaventis.it\/en\/vini\/rose-sobek-franciacorta\/\" \/>\n<meta property=\"og:locale\" content=\"en_GB\" \/>\n<meta property=\"og:type\" content=\"article\" \/>\n<meta property=\"og:title\" content=\"Sobek Franciacorta Ros\u00e9 | Vinea Ventis\" \/>\n<meta property=\"og:description\" content=\"Il\u00a0Franciacorta Ros\u00e9\u00a0rappresenta un vero e proprio simbolo della tradizione vitivinicola lombarda, in particolare nell\u2019omonima regione situata in provincia di Brescia. Si tratta di uno spumante rosato. Le uve vengono raccolte a mano e vengono selezionati solo i grappoli migliori, tuttavia la filosofia di fondo \u00e8 moderna, basata sui vincoli del consumo e sull\u2019interferenza umana con la natura.  Il Franciacorta Ros\u00e9 utilizza vitigni\u00a0Pinot Nero\u00a0in purezza. In alcuni casi, al Pinot Nero vengono aggiunte basi di Pinot Nero e\u00a0Chardonnay, anche se in misura minore. Dopo la vendemmia, le uve vengono pressate in modo soffice e poi pigiate per ottenere il mosto.  Nella stesura vengono utilizzati solo lieviti indigeni per garantire la genuinit\u00e0 del risultato finale. \u00c8 durante questa fase che avviene la fermentazione e si produce anidride carbonica, un processo noto come schiumatura.  L\u2019estrazione avviene in bottiglia e, come gi\u00e0 accennato in precedenza, la sua durata varia a seconda del tipo di rosato: si va dai 24 mesi per il non millesimato ad almeno 60 mesi per il Riserva.  La produzione del Franciacorta Ros\u00e8 si conclude la rimozione del cappello e l\u2019aggiunta di una miscela di zucchero e vino base. In questo modo si determina la quantit\u00e0 di spumante.  Il nome Franciacorta Ros\u00e9 evidenzia una qualit\u00e0 importante di questo spumante, il suo colore rosato, pi\u00f9 o meno a seconda della tipologia. Se aggiungi una base di Pinot Nero o Chardonnay, il colore sar\u00e0 pi\u00f9 chiaro. In ogni caso la schiuma \u00e8 delicata ed elegante. Al naso \u00e8 complesso ma equilibrato, dominato da aromi floreali e di frutta rossa come ribes e mirtillo. Al palato \u00e8 fresco e vivace con un finale lungo e armonico.  Delicato e intenso, il Franciacorta Ros\u00e9 \u00e8 ottimo con primi piatti a base di pesce come pasta ai frutti di mare e risotti ai frutti di mare. Si abbina perfettamente anche a zuppe e fritture di pesce, carni alla griglia, sushi e piatti giapponesi in genere. Lo stesso vale per i formaggi freschi o stagionati e gli antipasti leggeri. Il Franciacorta Ros\u00e9 \u00e8 una buona scelta anche con dolci alla frutta o cremosi. Ad alcune persone piace questo vino con risotto di agnello e funghi.\" \/>\n<meta property=\"og:url\" content=\"https:\/\/www.vineaventis.it\/en\/vini\/rose-sobek-franciacorta\/\" \/>\n<meta property=\"og:site_name\" content=\"Vinea Ventis\" \/>\n<meta property=\"article:modified_time\" content=\"2025-11-25T07:41:04+00:00\" \/>\n<meta property=\"og:image\" content=\"https:\/\/www.vineaventis.it\/wp-content\/uploads\/rose-sobek.jpg\" \/>\n\t<meta property=\"og:image:width\" content=\"1500\" \/>\n\t<meta property=\"og:image:height\" content=\"1500\" \/>\n\t<meta property=\"og:image:type\" content=\"image\/jpeg\" \/>\n<meta name=\"twitter:card\" content=\"summary_large_image\" \/>\n<meta name=\"twitter:label1\" content=\"Estimated reading time\" \/>\n\t<meta name=\"twitter:data1\" content=\"1 minute\" \/>\n<script type=\"application\/ld+json\" class=\"yoast-schema-graph\">{\"@context\":\"https:\/\/schema.org\",\"@graph\":[{\"@type\":\"WebPage\",\"@id\":\"https:\/\/www.vineaventis.it\/vini\/rose-sobek-franciacorta\/\",\"url\":\"https:\/\/www.vineaventis.it\/vini\/rose-sobek-franciacorta\/\",\"name\":\"Sobek Franciacorta Ros\u00e9 | Vinea Ventis\",\"isPartOf\":{\"@id\":\"https:\/\/www.vineaventis.it\/#website\"},\"primaryImageOfPage\":{\"@id\":\"https:\/\/www.vineaventis.it\/vini\/rose-sobek-franciacorta\/#primaryimage\"},\"image\":{\"@id\":\"https:\/\/www.vineaventis.it\/vini\/rose-sobek-franciacorta\/#primaryimage\"},\"thumbnailUrl\":\"https:\/\/www.vineaventis.it\/wp-content\/uploads\/rose-sobek.jpg\",\"datePublished\":\"2025-02-24T21:34:25+00:00\",\"dateModified\":\"2025-11-25T07:41:04+00:00\",\"breadcrumb\":{\"@id\":\"https:\/\/www.vineaventis.it\/vini\/rose-sobek-franciacorta\/#breadcrumb\"},\"inLanguage\":\"en-GB\",\"potentialAction\":[{\"@type\":\"ReadAction\",\"target\":[\"https:\/\/www.vineaventis.it\/vini\/rose-sobek-franciacorta\/\"]}]},{\"@type\":\"ImageObject\",\"inLanguage\":\"en-GB\",\"@id\":\"https:\/\/www.vineaventis.it\/vini\/rose-sobek-franciacorta\/#primaryimage\",\"url\":\"https:\/\/www.vineaventis.it\/wp-content\/uploads\/rose-sobek.jpg\",\"contentUrl\":\"https:\/\/www.vineaventis.it\/wp-content\/uploads\/rose-sobek.jpg\",\"width\":1500,\"height\":1500},{\"@type\":\"BreadcrumbList\",\"@id\":\"https:\/\/www.vineaventis.it\/vini\/rose-sobek-franciacorta\/#breadcrumb\",\"itemListElement\":[{\"@type\":\"ListItem\",\"position\":1,\"name\":\"Home\",\"item\":\"https:\/\/www.vineaventis.it\/\"},{\"@type\":\"ListItem\",\"position\":2,\"name\":\"Shop\",\"item\":\"https:\/\/www.vineaventis.it\/vini\/\"},{\"@type\":\"ListItem\",\"position\":3,\"name\":\"Sobek Franciacorta Ros\u00e9\"}]},{\"@type\":\"WebSite\",\"@id\":\"https:\/\/www.vineaventis.it\/#website\",\"url\":\"https:\/\/www.vineaventis.it\/\",\"name\":\"Vinea Ventis\",\"description\":\"Azienda in franciacorta produttrice di bollicine brut, saten\",\"publisher\":{\"@id\":\"https:\/\/www.vineaventis.it\/#organization\"},\"potentialAction\":[{\"@type\":\"SearchAction\",\"target\":{\"@type\":\"EntryPoint\",\"urlTemplate\":\"https:\/\/www.vineaventis.it\/?s={search_term_string}\"},\"query-input\":{\"@type\":\"PropertyValueSpecification\",\"valueRequired\":true,\"valueName\":\"search_term_string\"}}],\"inLanguage\":\"en-GB\"},{\"@type\":\"Organization\",\"@id\":\"https:\/\/www.vineaventis.it\/#organization\",\"name\":\"Azienda in franciacorta produttrice di bollicine brut, saten\",\"url\":\"https:\/\/www.vineaventis.it\/\",\"logo\":{\"@type\":\"ImageObject\",\"inLanguage\":\"en-GB\",\"@id\":\"https:\/\/www.vineaventis.it\/#\/schema\/logo\/image\/\",\"url\":\"https:\/\/www.vineaventis.it\/wp-content\/uploads\/vineaventis-franciacorta-logo.png\",\"contentUrl\":\"https:\/\/www.vineaventis.it\/wp-content\/uploads\/vineaventis-franciacorta-logo.png\",\"width\":624,\"height\":322,\"caption\":\"Azienda in franciacorta produttrice di bollicine brut, saten\"},\"image\":{\"@id\":\"https:\/\/www.vineaventis.it\/#\/schema\/logo\/image\/\"}}]}<\/script>\n<!-- \/ Yoast SEO plugin. -->","yoast_head_json":{"title":"Sobek Franciacorta Ros\u00e9 | Vinea Ventis","robots":{"index":"index","follow":"follow","max-snippet":"max-snippet:-1","max-image-preview":"max-image-preview:large","max-video-preview":"max-video-preview:-1"},"canonical":"https:\/\/www.vineaventis.it\/en\/vini\/rose-sobek-franciacorta\/","og_locale":"en_GB","og_type":"article","og_title":"Sobek Franciacorta Ros\u00e9 | Vinea Ventis","og_description":"Il\u00a0Franciacorta Ros\u00e9\u00a0rappresenta un vero e proprio simbolo della tradizione vitivinicola lombarda, in particolare nell\u2019omonima regione situata in provincia di Brescia. Si tratta di uno spumante rosato. Le uve vengono raccolte a mano e vengono selezionati solo i grappoli migliori, tuttavia la filosofia di fondo \u00e8 moderna, basata sui vincoli del consumo e sull\u2019interferenza umana con la natura.  Il Franciacorta Ros\u00e9 utilizza vitigni\u00a0Pinot Nero\u00a0in purezza. In alcuni casi, al Pinot Nero vengono aggiunte basi di Pinot Nero e\u00a0Chardonnay, anche se in misura minore. Dopo la vendemmia, le uve vengono pressate in modo soffice e poi pigiate per ottenere il mosto.  Nella stesura vengono utilizzati solo lieviti indigeni per garantire la genuinit\u00e0 del risultato finale. \u00c8 durante questa fase che avviene la fermentazione e si produce anidride carbonica, un processo noto come schiumatura.  L\u2019estrazione avviene in bottiglia e, come gi\u00e0 accennato in precedenza, la sua durata varia a seconda del tipo di rosato: si va dai 24 mesi per il non millesimato ad almeno 60 mesi per il Riserva.  La produzione del Franciacorta Ros\u00e8 si conclude la rimozione del cappello e l\u2019aggiunta di una miscela di zucchero e vino base. In questo modo si determina la quantit\u00e0 di spumante.  Il nome Franciacorta Ros\u00e9 evidenzia una qualit\u00e0 importante di questo spumante, il suo colore rosato, pi\u00f9 o meno a seconda della tipologia. Se aggiungi una base di Pinot Nero o Chardonnay, il colore sar\u00e0 pi\u00f9 chiaro. In ogni caso la schiuma \u00e8 delicata ed elegante. Al naso \u00e8 complesso ma equilibrato, dominato da aromi floreali e di frutta rossa come ribes e mirtillo. Al palato \u00e8 fresco e vivace con un finale lungo e armonico.  Delicato e intenso, il Franciacorta Ros\u00e9 \u00e8 ottimo con primi piatti a base di pesce come pasta ai frutti di mare e risotti ai frutti di mare. Si abbina perfettamente anche a zuppe e fritture di pesce, carni alla griglia, sushi e piatti giapponesi in genere. Lo stesso vale per i formaggi freschi o stagionati e gli antipasti leggeri. Il Franciacorta Ros\u00e9 \u00e8 una buona scelta anche con dolci alla frutta o cremosi. Ad alcune persone piace questo vino con risotto di agnello e funghi.","og_url":"https:\/\/www.vineaventis.it\/en\/vini\/rose-sobek-franciacorta\/","og_site_name":"Vinea Ventis","article_modified_time":"2025-11-25T07:41:04+00:00","og_image":[{"width":1500,"height":1500,"url":"https:\/\/www.vineaventis.it\/wp-content\/uploads\/rose-sobek.jpg","type":"image\/jpeg"}],"twitter_card":"summary_large_image","twitter_misc":{"Estimated reading time":"1 minute"},"schema":{"@context":"https:\/\/schema.org","@graph":[{"@type":"WebPage","@id":"https:\/\/www.vineaventis.it\/vini\/rose-sobek-franciacorta\/","url":"https:\/\/www.vineaventis.it\/vini\/rose-sobek-franciacorta\/","name":"Sobek Franciacorta Ros\u00e9 | Vinea Ventis","isPartOf":{"@id":"https:\/\/www.vineaventis.it\/#website"},"primaryImageOfPage":{"@id":"https:\/\/www.vineaventis.it\/vini\/rose-sobek-franciacorta\/#primaryimage"},"image":{"@id":"https:\/\/www.vineaventis.it\/vini\/rose-sobek-franciacorta\/#primaryimage"},"thumbnailUrl":"https:\/\/www.vineaventis.it\/wp-content\/uploads\/rose-sobek.jpg","datePublished":"2025-02-24T21:34:25+00:00","dateModified":"2025-11-25T07:41:04+00:00","breadcrumb":{"@id":"https:\/\/www.vineaventis.it\/vini\/rose-sobek-franciacorta\/#breadcrumb"},"inLanguage":"en-GB","potentialAction":[{"@type":"ReadAction","target":["https:\/\/www.vineaventis.it\/vini\/rose-sobek-franciacorta\/"]}]},{"@type":"ImageObject","inLanguage":"en-GB","@id":"https:\/\/www.vineaventis.it\/vini\/rose-sobek-franciacorta\/#primaryimage","url":"https:\/\/www.vineaventis.it\/wp-content\/uploads\/rose-sobek.jpg","contentUrl":"https:\/\/www.vineaventis.it\/wp-content\/uploads\/rose-sobek.jpg","width":1500,"height":1500},{"@type":"BreadcrumbList","@id":"https:\/\/www.vineaventis.it\/vini\/rose-sobek-franciacorta\/#breadcrumb","itemListElement":[{"@type":"ListItem","position":1,"name":"Home","item":"https:\/\/www.vineaventis.it\/"},{"@type":"ListItem","position":2,"name":"Shop","item":"https:\/\/www.vineaventis.it\/vini\/"},{"@type":"ListItem","position":3,"name":"Sobek Franciacorta Ros\u00e9"}]},{"@type":"WebSite","@id":"https:\/\/www.vineaventis.it\/#website","url":"https:\/\/www.vineaventis.it\/","name":"Vinea Ventis","description":"Azienda in franciacorta produttrice di bollicine brut, saten","publisher":{"@id":"https:\/\/www.vineaventis.it\/#organization"},"potentialAction":[{"@type":"SearchAction","target":{"@type":"EntryPoint","urlTemplate":"https:\/\/www.vineaventis.it\/?s={search_term_string}"},"query-input":{"@type":"PropertyValueSpecification","valueRequired":true,"valueName":"search_term_string"}}],"inLanguage":"en-GB"},{"@type":"Organization","@id":"https:\/\/www.vineaventis.it\/#organization","name":"Azienda in franciacorta produttrice di bollicine brut, saten","url":"https:\/\/www.vineaventis.it\/","logo":{"@type":"ImageObject","inLanguage":"en-GB","@id":"https:\/\/www.vineaventis.it\/#\/schema\/logo\/image\/","url":"https:\/\/www.vineaventis.it\/wp-content\/uploads\/vineaventis-franciacorta-logo.png","contentUrl":"https:\/\/www.vineaventis.it\/wp-content\/uploads\/vineaventis-franciacorta-logo.png","width":624,"height":322,"caption":"Azienda in franciacorta produttrice di bollicine brut, saten"},"image":{"@id":"https:\/\/www.vineaventis.it\/#\/schema\/logo\/image\/"}}]}},"_links":{"self":[{"href":"https:\/\/www.vineaventis.it\/en\/wp-json\/wp\/v2\/product\/2556","targetHints":{"allow":["GET"]}}],"collection":[{"href":"https:\/\/www.vineaventis.it\/en\/wp-json\/wp\/v2\/product"}],"about":[{"href":"https:\/\/www.vineaventis.it\/en\/wp-json\/wp\/v2\/types\/product"}],"wp:featuredmedia":[{"embeddable":true,"href":"https:\/\/www.vineaventis.it\/en\/wp-json\/wp\/v2\/media\/2557"}],"wp:attachment":[{"href":"https:\/\/www.vineaventis.it\/en\/wp-json\/wp\/v2\/media?parent=2556"}],"wp:term":[{"taxonomy":"product_brand","embeddable":true,"href":"https:\/\/www.vineaventis.it\/en\/wp-json\/wp\/v2\/product_brand?post=2556"},{"taxonomy":"product_cat","embeddable":true,"href":"https:\/\/www.vineaventis.it\/en\/wp-json\/wp\/v2\/product_cat?post=2556"},{"taxonomy":"product_tag","embeddable":true,"href":"https:\/\/www.vineaventis.it\/en\/wp-json\/wp\/v2\/product_tag?post=2556"}],"curies":[{"name":"wp","href":"https:\/\/api.w.org\/{rel}","templated":true}]}}